{"id":150,"date":"2025-05-21T08:21:48","date_gmt":"2025-05-21T08:21:48","guid":{"rendered":"https:\/\/certms.ro\/?page_id=150"},"modified":"2025-05-21T08:43:42","modified_gmt":"2025-05-21T08:43:42","slug":"under-construction","status":"publish","type":"page","link":"https:\/\/certms.ro\/ro\/","title":{"rendered":"under-construction"},"content":{"rendered":"<div id=\"fws_69d9c9628b801\"  data-column-margin=\"default\" data-midnight=\"dark\"  class=\"wpb_row vc_row-fluid vc_row full-width-section vc_row-o-full-height vc_row-o-columns-middle vc_row-o-equal-height vc_row-flex\"  style=\"padding-top: 0px; padding-bottom: 0px; \"><div class=\"row-bg-wrap\" data-bg-animation=\"none\" data-bg-animation-delay=\"\" data-bg-overlay=\"false\"><div class=\"inner-wrap row-bg-layer\" ><div class=\"row-bg viewport-desktop\"  style=\"\"><\/div><\/div><\/div><div class=\"row_col_wrap_12 col span_12 dark left\">\n\t<div  class=\"vc_col-sm-12 wpb_column column_container vc_column_container col no-extra-padding inherit_tablet inherit_phone\"  data-padding-pos=\"all\" data-has-bg-color=\"false\" data-bg-color=\"\" data-bg-opacity=\"1\" data-animation=\"\" data-delay=\"0\" >\n\t\t<div class=\"vc_column-inner\" >\n\t\t\t<div class=\"wpb_wrapper\">\n\t\t\t\t\n\t<div class=\"wpb_raw_code wpb_content_element wpb_raw_html vc_custom_1747817018408\" >\n\t\t<div class=\"wpb_wrapper\">\n\t\t\t<!DOCTYPE html>\n<html lang=\"ro\">\n<head>\n    <meta charset=\"UTF-8\">\n    <meta name=\"viewport\" content=\"width=device-width, initial-scale=1.0\">\n    <title>Certinvest Management Solutions - Site \u00een actualizare<\/title>\n    <style>\n        html, body {\n            font-family: Arial, sans-serif;\n            background-color: #000 !important;\n            color: #fff;\n            text-align: center;\n            padding: 20px;\n            margin: 0;\n            height: 100%;\n        }\n\n        img.logo {\n            max-width: 200px;\n            height: auto;\n            margin-bottom: 20px;\n            display: block;\n            margin-left: auto;\n            margin-right: auto;\n        }\n\n        h1 {\n            color: #FFFFFF !important;\n            font-size: 2rem;\n        }\n\n        h2 {\n            color: #FFFFFF !important;\n            font-size: 1.5rem;\n            margin-top: 10px;\n        }\n\n        p {\n            font-size: 1.2rem;\n            margin-top: 15px;\n        }\n\n        a {\n            color: #4ea1ff;\n        }\n\n        @media (max-width: 600px) {\n            body {\n                padding-top: 50px;\n            }\n\n            h1 {\n                font-size: 1.5rem;\n            }\n\n            h2 {\n                font-size: 1.2rem;\n            }\n\n            p {\n                font-size: 1rem;\n            }\n        }\n    <\/style>\n    <!-- Google tag (gtag.js) -->\n    <script async src=\"https:\/\/www.googletagmanager.com\/gtag\/js?id=G-SLX3FEEGZL\"><\/script>\n    <script>\n      window.dataLayer = window.dataLayer || [];\n      function gtag(){dataLayer.push(arguments);}\n      gtag('js', new Date());\n\n      gtag('config', 'G-SLX3FEEGZL');\n    <\/script>\n<\/head>\n<body>\n    <img decoding=\"async\" src=\"https:\/\/certms.ro\/wp-content\/uploads\/2022\/08\/logo.jpg\" alt=\"Certinvest Management Solutions\" class=\"logo\">\n    <h2>Site \u00een actualizare<\/h2>\n    <p>V\u0103 rug\u0103m s\u0103 reveni\u021bi \u00een cur\u00e2nd!<\/p>\n    <p>Pentru informa\u021bii suplimentare, ne pute\u021bi contacta la <a href=\"mailto:office@certms.ro\">office@certms.ro<\/a>.<\/p>\n\n<script defer src=\"https:\/\/static.cloudflareinsights.com\/beacon.min.js\/vcd15cbe7772f49c399c6a5babf22c1241717689176015\" integrity=\"sha512-ZpsOmlRQV6y907TI0dKBHq9Md29nnaEIPlkf84rnaERnq6zvWvPUqr2ft8M1aS28oN72PdrCzSjY4U6VaAw1EQ==\" data-cf-beacon='{\"rayId\":\"94325dbe2c51ca1c\",\"version\":\"2025.4.0-1-g37f21b1\",\"r\":1,\"token\":\"f9c10d5f070d454d845f83a18cd28b23\",\"serverTiming\":{\"name\":{\"cfExtPri\":true,\"cfL4\":true,\"cfSpeedBrain\":true,\"cfCacheStatus\":true}}}' crossorigin=\"anonymous\"><\/script>\n<\/body>\n<\/html>\n\n\t\t<\/div>\n\t<\/div>\n\n\t\t\t<\/div> \n\t\t<\/div>\n\t<\/div> \n<\/div><\/div>","protected":false},"excerpt":{"rendered":"Certinvest Management Solutions - Site \u00een actualizare Site \u00een actualizare V\u0103 rug\u0103m s\u0103 reveni\u021bi \u00een cur\u00e2nd! Pentru informa\u021bii suplimentare, ne pute\u021bi contacta la office@certms.ro.","protected":false},"author":2,"featured_media":0,"parent":0,"menu_order":0,"comment_status":"closed","ping_status":"closed","template":"template-no-header-footer.php","meta":{"footnotes":""},"class_list":["post-150","page","type-page","status-publish"],"_links":{"self":[{"href":"https:\/\/certms.ro\/ro\/wp-json\/wp\/v2\/pages\/150","targetHints":{"allow":["GET"]}}],"collection":[{"href":"https:\/\/certms.ro\/ro\/wp-json\/wp\/v2\/pages"}],"about":[{"href":"https:\/\/certms.ro\/ro\/wp-json\/wp\/v2\/types\/page"}],"author":[{"embeddable":true,"href":"https:\/\/certms.ro\/ro\/wp-json\/wp\/v2\/users\/2"}],"replies":[{"embeddable":true,"href":"https:\/\/certms.ro\/ro\/wp-json\/wp\/v2\/comments?post=150"}],"version-history":[{"count":20,"href":"https:\/\/certms.ro\/ro\/wp-json\/wp\/v2\/pages\/150\/revisions"}],"predecessor-version":[{"id":171,"href":"https:\/\/certms.ro\/ro\/wp-json\/wp\/v2\/pages\/150\/revisions\/171"}],"wp:attachment":[{"href":"https:\/\/certms.ro\/ro\/wp-json\/wp\/v2\/media?parent=150"}],"curies":[{"name":"wp","href":"https:\/\/api.w.org\/{rel}","templated":true}]}}