{"id":119,"date":"2022-08-24T18:26:17","date_gmt":"2022-08-24T18:26:17","guid":{"rendered":"https:\/\/certms.ro\/?page_id=119"},"modified":"2022-08-24T18:34:14","modified_gmt":"2022-08-24T18:34:14","slug":"cookie-policy","status":"publish","type":"page","link":"https:\/\/certms.ro\/ro\/cookie-policy\/","title":{"rendered":"Politica de cookie"},"content":{"rendered":"<div id=\"fws_69d9f7e2a49e3\"  data-column-margin=\"default\" data-midnight=\"dark\"  class=\"wpb_row vc_row-fluid vc_row\"  style=\"padding-top: 0px; padding-bottom: 0px; \"><div class=\"row-bg-wrap\" data-bg-animation=\"none\" data-bg-animation-delay=\"\" data-bg-overlay=\"false\"><div class=\"inner-wrap row-bg-layer\" ><div class=\"row-bg viewport-desktop\"  style=\"\"><\/div><\/div><\/div><div class=\"row_col_wrap_12 col span_12 dark left\">\n\t<div  class=\"vc_col-sm-12 wpb_column column_container vc_column_container col no-extra-padding inherit_tablet inherit_phone\"  data-padding-pos=\"all\" data-has-bg-color=\"false\" data-bg-color=\"\" data-bg-opacity=\"1\" data-animation=\"\" data-delay=\"0\" >\n\t\t<div class=\"vc_column-inner\" >\n\t\t\t<div class=\"wpb_wrapper\">\n\t\t\t\t\n<div class=\"wpb_text_column wpb_content_element\" >\n\t<div class=\"wpb_wrapper\">\n\t\t<h2>Politica de cookie<\/h2>\n\t<\/div>\n<\/div>\n\n\n\n\n<div class=\"wpb_text_column wpb_content_element\" >\n\t<div class=\"wpb_wrapper\">\n\t\t<p>Aceast\u0103 politic\u0103 explic\u0103 ce sunt cookie-urile, cum le folosim atunci c\u00e2nd accesa\u021bi site-ul nostru certms.ro \u0219i cum le pute\u021bi gestiona.<\/p>\n<p>Cookie-urile sunt fi\u0219iere cu o cantitate mic\u0103 de date, care pot include un identificator unic anonim. Cookie-urile sunt trimise browserului dvs. \u0219i stocate pe hard disk-ul computerului dvs. Plas\u0103m, cu consim\u021b\u0103m\u00e2ntul dumneavoastr\u0103, cookie-uri care ne ofer\u0103 informa\u021bii utile despre modul \u00een care este utilizat website-ul, permi\u021b\u00e2ndu-ne s\u0103 \u00eembun\u0103t\u0103\u021bim eficien\u021ba \u0219i accesibilitatea acestuia.<\/p>\n<p>La fel ca multe site-uri web, folosim cookie-uri pentru a v\u0103 oferi o experien\u021b\u0103 de navigare mai bun\u0103, precum \u015fi pentru a analiza traficul \u015fi a oferi vizitatorilor website-ului o experien\u0163\u0103 mai bun\u0103 \u020bn navigare. Pute\u021bi solicita browserului dumneavoastr\u0103 s\u0103 refuze toate cookie-urile sau s\u0103 indice c\u00e2nd este trimis un cookie. Cu toate acestea, dac\u0103 nu accepta\u021bi cookie-uri, este posibil s\u0103 nu pute\u021bi utiliza unele p\u0103r\u021bi ale site-ului nostru.<\/p>\n<p>Dac\u0103 nu dori\u021bi s\u0103 accepta\u021bi cookie-uri \u00eentr-unul dintre e-mailurile noastre, v\u0103 pute\u021bi configura clientul de e-mail, dac\u0103 este posibil, s\u0103 nu descarce nicio imagine, sau pute\u021bi alege s\u0103 nu face\u021bi clic pe niciun link con\u021binut de astfel de e-mailuri. De asemenea, pute\u021bi seta browserul s\u0103 restric\u021bioneze cookie-urile sau s\u0103 le resping\u0103 complet. Aceast\u0103 setare se aplic\u0103 tuturor modulelor cookie, indiferent dac\u0103 sunt \u00eencorporate pe site-ul nostru web sau \u00eentr-un e-mail. Pentru mai multe informa\u021bii, consulta\u021bi furnizorul dvs. de client de e-mail sau instruc\u021biunile dispozitivului.<\/p>\n<p>\u00cen plus, putem folosi servicii ter\u021be, cum ar fi Google Analytics, care colecteaz\u0103, monitorizeaz\u0103 \u0219i analizeaz\u0103 acest tip de informa\u021bii pentru a cre\u0219te func\u021bionalitatea site-ului nostru. Ace\u0219ti furnizori de servicii ter\u021bi au propriile politici de confiden\u021bialitate care se refer\u0103 la modul \u00een care folosesc aceste informa\u021bii.<\/p>\n\t<\/div>\n<\/div>\n\n\n\n\n\t\t\t<\/div> \n\t\t<\/div>\n\t<\/div> \n<\/div><\/div>","protected":false},"excerpt":{"rendered":"Cookie Policy This policy explains what cookies are, how we use them when you access our certms.ro website and how you can manage them. Cookies are files with a small...","protected":false},"author":1,"featured_media":0,"parent":0,"menu_order":0,"comment_status":"closed","ping_status":"closed","template":"","meta":{"footnotes":""},"class_list":["post-119","page","type-page","status-publish"],"_links":{"self":[{"href":"https:\/\/certms.ro\/ro\/wp-json\/wp\/v2\/pages\/119","targetHints":{"allow":["GET"]}}],"collection":[{"href":"https:\/\/certms.ro\/ro\/wp-json\/wp\/v2\/pages"}],"about":[{"href":"https:\/\/certms.ro\/ro\/wp-json\/wp\/v2\/types\/page"}],"author":[{"embeddable":true,"href":"https:\/\/certms.ro\/ro\/wp-json\/wp\/v2\/users\/1"}],"replies":[{"embeddable":true,"href":"https:\/\/certms.ro\/ro\/wp-json\/wp\/v2\/comments?post=119"}],"version-history":[{"count":5,"href":"https:\/\/certms.ro\/ro\/wp-json\/wp\/v2\/pages\/119\/revisions"}],"predecessor-version":[{"id":124,"href":"https:\/\/certms.ro\/ro\/wp-json\/wp\/v2\/pages\/119\/revisions\/124"}],"wp:attachment":[{"href":"https:\/\/certms.ro\/ro\/wp-json\/wp\/v2\/media?parent=119"}],"curies":[{"name":"wp","href":"https:\/\/api.w.org\/{rel}","templated":true}]}}